{"id":4275,"date":"2022-07-28T14:53:54","date_gmt":"2022-07-28T08:53:54","guid":{"rendered":"https:\/\/retailsolutionbd.com\/web\/?page_id=4275"},"modified":"2023-06-06T17:43:16","modified_gmt":"2023-06-06T11:43:16","slug":"pos-printer-price-in-bangladesh","status":"publish","type":"page","link":"https:\/\/retailsolutionbd.com\/web\/pos-printer-price-in-bangladesh\/","title":{"rendered":"POS Printer"},"content":{"rendered":"\t\t<div data-elementor-type=\"wp-page\" data-elementor-id=\"4275\" class=\"elementor elementor-4275\">\n\t\t\t\t\t\t<section class=\"elementor-section elementor-top-section elementor-element elementor-element-f82769c elementor-section-boxed elementor-section-height-default elementor-section-height-default\" data-id=\"f82769c\" data-element_type=\"section\">\n\t\t\t\t\t\t<div class=\"elementor-container elementor-column-gap-default\">\n\t\t\t\t\t<div class=\"elementor-column elementor-col-100 elementor-top-column elementor-element elementor-element-bf033d7\" data-id=\"bf033d7\" data-element_type=\"column\">\n\t\t\t<div class=\"elementor-widget-wrap elementor-element-populated\">\n\t\t\t\t\t\t<div class=\"elementor-element elementor-element-2d0c337 elementor-widget elementor-widget-spacer\" data-id=\"2d0c337\" data-element_type=\"widget\" data-widget_type=\"spacer.default\">\n\t\t\t\t<div class=\"elementor-widget-container\">\n\t\t\t\t\t\t\t<div class=\"elementor-spacer\">\n\t\t\t<div class=\"elementor-spacer-inner\"><\/div>\n\t\t<\/div>\n\t\t\t\t\t\t<\/div>\n\t\t\t\t<\/div>\n\t\t\t\t<div class=\"elementor-element elementor-element-94dc668 elementor-widget elementor-widget-heading\" data-id=\"94dc668\" data-element_type=\"widget\" data-widget_type=\"heading.default\">\n\t\t\t\t<div class=\"elementor-widget-container\">\n\t\t\t\t\t<h1 class=\"elementor-heading-title elementor-size-default\">POS Printer <\/h1>\t\t\t\t<\/div>\n\t\t\t\t<\/div>\n\t\t\t\t\t<\/div>\n\t\t<\/div>\n\t\t\t\t\t<\/div>\n\t\t<\/section>\n\t\t\t\t<section class=\"elementor-section elementor-top-section elementor-element elementor-element-7e83ef0 elementor-section-boxed elementor-section-height-default elementor-section-height-default\" data-id=\"7e83ef0\" data-element_type=\"section\">\n\t\t\t\t\t\t<div class=\"elementor-container elementor-column-gap-default\">\n\t\t\t\t\t<div class=\"elementor-column elementor-col-100 elementor-top-column elementor-element elementor-element-6b12f36\" data-id=\"6b12f36\" data-element_type=\"column\">\n\t\t\t<div class=\"elementor-widget-wrap\">\n\t\t\t\t\t\t\t<\/div>\n\t\t<\/div>\n\t\t\t\t\t<\/div>\n\t\t<\/section>\n\t\t\t\t<section class=\"elementor-section elementor-top-section elementor-element elementor-element-8b63d8a elementor-section-boxed elementor-section-height-default elementor-section-height-default\" data-id=\"8b63d8a\" data-element_type=\"section\">\n\t\t\t\t\t\t<div class=\"elementor-container elementor-column-gap-default\">\n\t\t\t\t\t<div class=\"elementor-column elementor-col-100 elementor-top-column elementor-element elementor-element-fa1b621\" data-id=\"fa1b621\" data-element_type=\"column\">\n\t\t\t<div class=\"elementor-widget-wrap\">\n\t\t\t\t\t\t\t<\/div>\n\t\t<\/div>\n\t\t\t\t\t<\/div>\n\t\t<\/section>\n\t\t\t\t<section class=\"elementor-section elementor-top-section elementor-element elementor-element-45e1f90 elementor-section-boxed elementor-section-height-default elementor-section-height-default\" data-id=\"45e1f90\" data-element_type=\"section\" data-settings=\"{&quot;background_background&quot;:&quot;classic&quot;}\">\n\t\t\t\t\t\t<div class=\"elementor-container elementor-column-gap-default\">\n\t\t\t\t\t<div class=\"elementor-column elementor-col-100 elementor-top-column elementor-element elementor-element-0e9ed52\" data-id=\"0e9ed52\" data-element_type=\"column\">\n\t\t\t<div class=\"elementor-widget-wrap\">\n\t\t\t\t\t\t\t<\/div>\n\t\t<\/div>\n\t\t\t\t\t<\/div>\n\t\t<\/section>\n\t\t\t\t<section class=\"elementor-section elementor-top-section elementor-element elementor-element-ba033e8 elementor-section-boxed elementor-section-height-default elementor-section-height-default\" data-id=\"ba033e8\" data-element_type=\"section\">\n\t\t\t\t\t\t<div class=\"elementor-container elementor-column-gap-default\">\n\t\t\t\t\t<div class=\"elementor-column elementor-col-100 elementor-top-column elementor-element elementor-element-baab35a\" data-id=\"baab35a\" data-element_type=\"column\">\n\t\t\t<div class=\"elementor-widget-wrap elementor-element-populated\">\n\t\t\t\t\t\t<div class=\"elementor-element elementor-element-227e84a elementor-widget elementor-widget-heading\" data-id=\"227e84a\" data-element_type=\"widget\" data-widget_type=\"heading.default\">\n\t\t\t\t<div class=\"elementor-widget-container\">\n\t\t\t\t\t<h2 class=\"elementor-heading-title elementor-size-default\">POS Printer Price in Bangladesh<\/h2>\t\t\t\t<\/div>\n\t\t\t\t<\/div>\n\t\t\t\t\t<\/div>\n\t\t<\/div>\n\t\t\t\t\t<\/div>\n\t\t<\/section>\n\t\t\t\t<section class=\"elementor-section elementor-top-section elementor-element elementor-element-d25fa9d elementor-section-boxed elementor-section-height-default elementor-section-height-default\" data-id=\"d25fa9d\" data-element_type=\"section\">\n\t\t\t\t\t\t<div class=\"elementor-container elementor-column-gap-default\">\n\t\t\t\t\t<div class=\"elementor-column elementor-col-100 elementor-top-column elementor-element elementor-element-81d448f\" data-id=\"81d448f\" data-element_type=\"column\">\n\t\t\t<div class=\"elementor-widget-wrap\">\n\t\t\t\t\t\t\t<\/div>\n\t\t<\/div>\n\t\t\t\t\t<\/div>\n\t\t<\/section>\n\t\t\t\t<section class=\"elementor-section elementor-top-section elementor-element elementor-element-a152648 elementor-section-boxed elementor-section-height-default elementor-section-height-default\" data-id=\"a152648\" data-element_type=\"section\">\n\t\t\t\t\t\t<div class=\"elementor-container elementor-column-gap-default\">\n\t\t\t\t\t<div class=\"elementor-column elementor-col-100 elementor-top-column elementor-element elementor-element-db74a2c\" data-id=\"db74a2c\" data-element_type=\"column\">\n\t\t\t<div class=\"elementor-widget-wrap elementor-element-populated\">\n\t\t\t\t\t\t<div class=\"elementor-element elementor-element-8cabf86 elementor-widget elementor-widget-text-editor\" data-id=\"8cabf86\" data-element_type=\"widget\" data-widget_type=\"text-editor.default\">\n\t\t\t\t<div class=\"elementor-widget-container\">\n\t\t\t\t\t\t\t\t\t<p>POS Printer Price in Bangladesh<\/p><h2>Rongta POS Printer Price in BD<\/h2><p><strong>The latest Price of Rongta Thermal POS Printer in Bangladesh<\/strong>, please call +8801712 187700 for the price. You can\u00a0<strong>buy\u00a0 Thermal POS Printer at best price<\/strong>\u00a0from our\u00a0<a href=\"https:\/\/retailsolutionbd.com\/web\/shop\/page\/2\/\">website<\/a>\u00a0or visit our Retail Solution office. Rongta RP850-UP Hi-Speed Thermal POS Receipt Printer \u2013\u00a0Printing density: 384 dots\/line or 576 dots\/line, Print font: 12\u00d724 (ASCII Font A), 9\u00d724 (ASCII Font B), 24\u00d724 (Chinese), Character per line: Font A-42 lines or 48 lines\/Font B-56 lines or 64 lines\/Chinese-21 lines or 24 lines, Paper loading: Easy paper loading, Barcode type: UPC-A,UPC-C,EAN-13,EAN-8,CODE39, ITF,CODEBAR,CODE93,CODE128, MCBF: 6 million lines, Thermal printing head: 100 million impulses (100km), Auto cutter: 1 <a href=\"https:\/\/retailsolutionbd.com\/web\/product\/rongta-rp326-thermal-pos-printer\/\">million cuts, Emulation<\/a>: <a href=\"https:\/\/www.facebook.com\/retailsolution.com.bd\" rel=\"nofollow noopener\" target=\"_blank\">ESC\/POS\/OPOS.<\/a><\/p><h3>Mini Bluetooth printer Price in Bangladesh<\/h3><p><strong>Mini Bluetooth printer <\/strong>(Bluetooth, USB) Printing way: Thermal sensitive line dot method Paper width:56mmPaper thickness:60 ~ 80\u03bcmValid printing width:48 mmResolution:8 dot\/mm (230 dpi) Dot \/line:384 dots Printing speed:50-80 mm\/sprinting content: Support any language Outer dimension: 102*108*50mmWeight:340gRolling paper Diameter: \u226430.5mmInterface:Original IR( RAW_IR), VIR, IrDA ( IrCOMM) RS232 port, blue tooth, interfaces varied with different models. Environment parameters: Working temperature: -10\u00b0C~ 50\u00b0C Working humidity: 20% ~ 85% Storing temperature: -20\u00b0C~ 70\u00b0C Storing humidity: 5% ~ 95%Paper feeding method: Easy paper loading Mark position: detecting mark position Paper sensor: LED indicator flashes when come to paper end meanwhile alarm.\u00a0Printing\u00a0Commandoes\/POS compatible with commands setPower:1600 mAh rechargeable li-ion battery Power alarm: indicator flashes when printer will run out of power and give out two short hoots. When running out of power, buzzle will give out interval warning to indicate charging. Provide SDK for <a href=\"https:\/\/retailsolutionbd.com\/web\/product\/rongta-rpp200-bluetooth-mobile-printer\/\">IOS and Android<\/a>.<\/p><h3>Epson POS Printer price in Bangladesh<\/h3><p>The\u00a0<strong>Epson TM U220B POS Printer is a robust, high-performance impact receipt printer that is exceptionally easy to use<\/strong>. Featuring drop-in paper load, selectable auto-cutter, and clamshell covers for easy access and maintenance, the TM-U220 is very reliable and prints on plain paper in three widths. Compact Space-saving and versatile, it has a footprint of just 160(W) x 248 (D) x 133 (H) mm, and can also be wall-mounted.<\/p><h3>Mobile printer price in BD<\/h3><p><strong>The latest Price of Mobile printer in Bangladesh<\/strong>, please call +8801712 187700 for the price. You can buy the\u00a0 Mobile Printer at best price from our website or visit our Retail <a href=\"https:\/\/retailsolutionbd.com\/web\/product\/rongta-rp326-thermal-pos-printer\/\">Solution<\/a>\u00a0office.<\/p><h3>Thermal Printer price in Bangladesh<\/h3><p>We have Accumulated a Price List Including Top\u00a0<strong>POS Printer Available in Bangladesh<\/strong>. You Can Buy More\u00a0<strong>Bixolon, DELI, HBA, Epson, Posiflex, RONGTA, SEWOO, Xprinter<\/strong>, And Many More from Retail Solution the Lowest Price in Bangladesh. Our Extensive Price List Allows You to Choose the Best POS Printer as Per Your Requirements. Since Online Stores Run Sales and Discounts Almost on A Regular Basis, And Not All Sites Provide the Same Deal,\u00a0<strong>The Prices of POS Printer Vary from Site to Site<\/strong>. To Help You Overcome This Problem, We Update Our POS Printer Price Quite Frequently. This Ensures That You Are Aware of Which Website Is Providing You with The Best Deal. Find Our Regular Offers and Build Your PC Easily<\/p><h4>Mini Thermal Printer Price in Bangladesh<\/h4><p>You can get a bunch of other information of <strong>Mini Thermal printer<\/strong> or <strong>Bluetooth thermal printer on quality, price and tips that other shoppers have found helpful<\/strong>. You\u2019ll find real reviews of printer that will give you all the information you need to make a well-informed purchase decision. Clicking into the item detail page and scroll down to read the reviews left by shoppers on our website, once you find an option of printer that catches your eye. If you need help choosing printer, read real reviews of printer left by shoppers to help narrow down your choices!<\/p><h3>\u00a0<\/h3>\t\t\t\t\t\t\t\t<\/div>\n\t\t\t\t<\/div>\n\t\t\t\t\t<\/div>\n\t\t<\/div>\n\t\t\t\t\t<\/div>\n\t\t<\/section>\n\t\t\t\t<\/div>\n\t\t","protected":false},"excerpt":{"rendered":"<p>POS Printer Epson TM T82 Thermal POS Receipt Printer Rated 0 out of 5 0.00&#2547;&nbsp; Add to cart Rongta RP330 Thermal Receipt Printer Rated 5.00 out of 5 based on 1 customer rating 0.00&#2547;&nbsp; Add to cart Retail&#8217;s BMP 609 Bluetooth Mobile printer Rated 0 out of 5 0.00&#2547;&nbsp; Add to cart Retail&#8217;s Thermal POS [&hellip;]<\/p>\n","protected":false},"author":2,"featured_media":0,"parent":0,"menu_order":0,"comment_status":"closed","ping_status":"closed","template":"","meta":{"_acf_changed":false,"site-sidebar-layout":"no-sidebar","site-content-layout":"page-builder","ast-site-content-layout":"default","site-content-style":"default","site-sidebar-style":"default","ast-global-header-display":"","ast-banner-title-visibility":"","ast-main-header-display":"","ast-hfb-above-header-display":"","ast-hfb-below-header-display":"","ast-hfb-mobile-header-display":"","site-post-title":"disabled","ast-breadcrumbs-content":"","ast-featured-img":"disabled","footer-sml-layout":"","theme-transparent-header-meta":"","adv-header-id-meta":"","stick-header-meta":"","header-above-stick-meta":"","header-main-stick-meta":"","header-below-stick-meta":"","astra-migrate-meta-layouts":"default","ast-page-background-enabled":"default","ast-page-background-meta":{"desktop":{"background-color":"","background-image":"","background-repeat":"repeat","background-position":"center center","background-size":"auto","background-attachment":"scroll","background-type":"","background-media":"","overlay-type":"","overlay-color":"","overlay-opacity":"","overlay-gradient":""},"tablet":{"background-color":"","background-image":"","background-repeat":"repeat","background-position":"center center","background-size":"auto","background-attachment":"scroll","background-type":"","background-media":"","overlay-type":"","overlay-color":"","overlay-opacity":"","overlay-gradient":""},"mobile":{"background-color":"","background-image":"","background-repeat":"repeat","background-position":"center center","background-size":"auto","background-attachment":"scroll","background-type":"","background-media":"","overlay-type":"","overlay-color":"","overlay-opacity":"","overlay-gradient":""}},"ast-content-background-meta":{"desktop":{"background-color":"var(--ast-global-color-5)","background-image":"","background-repeat":"repeat","background-position":"center center","background-size":"auto","background-attachment":"scroll","background-type":"","background-media":"","overlay-type":"","overlay-color":"","overlay-opacity":"","overlay-gradient":""},"tablet":{"background-color":"var(--ast-global-color-5)","background-image":"","background-repeat":"repeat","background-position":"center center","background-size":"auto","background-attachment":"scroll","background-type":"","background-media":"","overlay-type":"","overlay-color":"","overlay-opacity":"","overlay-gradient":""},"mobile":{"background-color":"var(--ast-global-color-5)","background-image":"","background-repeat":"repeat","background-position":"center center","background-size":"auto","background-attachment":"scroll","background-type":"","background-media":"","overlay-type":"","overlay-color":"","overlay-opacity":"","overlay-gradient":""}},"_joinchat":[],"footnotes":""},"class_list":["post-4275","page","type-page","status-publish","hentry"],"acf":[],"_links":{"self":[{"href":"https:\/\/retailsolutionbd.com\/web\/wp-json\/wp\/v2\/pages\/4275","targetHints":{"allow":["GET"]}}],"collection":[{"href":"https:\/\/retailsolutionbd.com\/web\/wp-json\/wp\/v2\/pages"}],"about":[{"href":"https:\/\/retailsolutionbd.com\/web\/wp-json\/wp\/v2\/types\/page"}],"author":[{"embeddable":true,"href":"https:\/\/retailsolutionbd.com\/web\/wp-json\/wp\/v2\/users\/2"}],"replies":[{"embeddable":true,"href":"https:\/\/retailsolutionbd.com\/web\/wp-json\/wp\/v2\/comments?post=4275"}],"version-history":[{"count":0,"href":"https:\/\/retailsolutionbd.com\/web\/wp-json\/wp\/v2\/pages\/4275\/revisions"}],"wp:attachment":[{"href":"https:\/\/retailsolutionbd.com\/web\/wp-json\/wp\/v2\/media?parent=4275"}],"curies":[{"name":"wp","href":"https:\/\/api.w.org\/{rel}","templated":true}]}}